{"id":2,"date":"2022-07-08T21:10:22","date_gmt":"2022-07-08T19:10:22","guid":{"rendered":"https:\/\/amrlangues.000webhostapp.com\/?page_id=2"},"modified":"2026-03-04T18:47:16","modified_gmt":"2026-03-04T17:47:16","slug":"reserva-tu-clase","status":"publish","type":"page","link":"https:\/\/albaprofele.com\/?page_id=2","title":{"rendered":"R\u00e9serve ton appel d\u00e9couverte !"},"content":{"rendered":"\n<p>R\u00e9serve d\u00e8s maintenant un <strong><em>appel d\u00e9couverte de 30 minutes<\/em><\/strong> pour \u00e9valuer ton niveau d\u2019espagnol et d\u00e9couvrir ma m\u00e9thodologie.<br><\/p>\n\n\n\n<p>Ce premier rendez-vous me permettra de <em><strong>comprendre tes objectifs<\/strong><\/em> et de <em><strong>te proposer un apprentissage personnalis\u00e9<\/strong><\/em>, adapt\u00e9 \u00e0 tes besoins.<br><\/p>\n\n\n\n<p>\u00c0 tr\u00e8s bient\u00f4t pour commencer <strong><em>ton aventure en espagnol <\/em><\/strong>!<\/p>\n\n\n\n<p><\/p>\n\n\n\n<p><\/p>\n\n\n\n<!-- D\u00e9but de widget en ligne Calendly -->\n<div class=\"calendly-inline-widget\" data-url=\"https:\/\/calendly.com\/spanishwithalba\/30min\" style=\"min-width:320px;height:700px;\"><\/div>\n<script type=\"text\/javascript\" src=\"https:\/\/assets.calendly.com\/assets\/external\/widget.js\" async><\/script>\n<!-- Fin de widget en ligne Calendly -->\n","protected":false},"excerpt":{"rendered":"<p>R\u00e9serve d\u00e8s maintenant un appel d\u00e9couverte de 30 minutes pour \u00e9valuer ton niveau d\u2019espagnol et d\u00e9couvrir ma m\u00e9thodologie. Ce premier rendez-vous me permettra de comprendre tes objectifs et de te &hellip; <\/p>\n","protected":false},"author":1,"featured_media":0,"parent":0,"menu_order":0,"comment_status":"closed","ping_status":"closed","template":"","meta":{"_monsterinsights_skip_tracking":false,"_monsterinsights_sitenote_active":false,"_monsterinsights_sitenote_note":"","_monsterinsights_sitenote_category":0,"footnotes":""},"class_list":["post-2","page","type-page","status-publish","hentry"],"_links":{"self":[{"href":"https:\/\/albaprofele.com\/index.php?rest_route=\/wp\/v2\/pages\/2","targetHints":{"allow":["GET"]}}],"collection":[{"href":"https:\/\/albaprofele.com\/index.php?rest_route=\/wp\/v2\/pages"}],"about":[{"href":"https:\/\/albaprofele.com\/index.php?rest_route=\/wp\/v2\/types\/page"}],"author":[{"embeddable":true,"href":"https:\/\/albaprofele.com\/index.php?rest_route=\/wp\/v2\/users\/1"}],"replies":[{"embeddable":true,"href":"https:\/\/albaprofele.com\/index.php?rest_route=%2Fwp%2Fv2%2Fcomments&post=2"}],"version-history":[{"count":21,"href":"https:\/\/albaprofele.com\/index.php?rest_route=\/wp\/v2\/pages\/2\/revisions"}],"predecessor-version":[{"id":853,"href":"https:\/\/albaprofele.com\/index.php?rest_route=\/wp\/v2\/pages\/2\/revisions\/853"}],"wp:attachment":[{"href":"https:\/\/albaprofele.com\/index.php?rest_route=%2Fwp%2Fv2%2Fmedia&parent=2"}],"curies":[{"name":"wp","href":"https:\/\/api.w.org\/{rel}","templated":true}]}}