{"id":47,"date":"2023-02-20T17:55:41","date_gmt":"2023-02-20T16:55:41","guid":{"rendered":"https:\/\/amrlangues.000webhostapp.com\/?page_id=47"},"modified":"2026-02-20T12:42:42","modified_gmt":"2026-02-20T11:42:42","slug":"conoceme","status":"publish","type":"page","link":"https:\/\/albaprofele.com\/?page_id=47","title":{"rendered":"\u00c0 propos de moi"},"content":{"rendered":"\n<p>\u00a1Hola! Soy Alba. Je suis <strong><em>professeure d\u2019espagnol native, certifi\u00e9e et exp\u00e9riment\u00e9e<\/em><\/strong>, ainsi qu\u2019<strong><em>examinatrice DELE <\/em><\/strong>(Dipl\u00f4me d\u2019Espagnol Langue \u00c9trang\u00e8re). J\u2019enseigne l\u2019espagnol aux francophones depuis 2019.<\/p>\n\n\n\n<p><\/p>\n\n\n<div class=\"wp-block-image is-style-rounded\">\n<figure class=\"aligncenter size-full\"><img fetchpriority=\"high\" decoding=\"async\" width=\"592\" height=\"592\" src=\"https:\/\/albaprofele.com\/wp-content\/uploads\/2026\/02\/1731689151864.jpg\" alt=\"\" class=\"wp-image-613\" srcset=\"https:\/\/albaprofele.com\/wp-content\/uploads\/2026\/02\/1731689151864.jpg 592w, https:\/\/albaprofele.com\/wp-content\/uploads\/2026\/02\/1731689151864-300x300.jpg 300w, https:\/\/albaprofele.com\/wp-content\/uploads\/2026\/02\/1731689151864-150x150.jpg 150w, https:\/\/albaprofele.com\/wp-content\/uploads\/2026\/02\/1731689151864-60x60.jpg 60w\" sizes=\"(max-width: 592px) 100vw, 592px\" \/><\/figure>\n<\/div>\n\n\n<p><\/p>\n\n\n\n<p><\/p>\n\n\n\n<p>Je suis n\u00e9e \u00e0 Huelva, une petite ville du sud-est de l\u2019Espagne. J\u2019ai toujours \u00e9t\u00e9 passionn\u00e9e par les langues et l\u2019enseignement, et j\u2019ai toujours su que je me consacrerais \u00e0 cela. C\u2019est pourquoi j\u2019ai \u00e9tudi\u00e9 le double dipl\u00f4me en \u00c9tudes anglaises et en Philologie hispanique. Parall\u00e8lement, pendant mes \u00e9tudes universitaires, j\u2019ai \u00e9galement appris un peu d\u2019allemand et de fran\u00e7ais.<\/p>\n\n\n\n<p>Plus tard, j\u2019ai r\u00e9alis\u00e9 un master en Traduction et Interpr\u00e9tation et je me suis form\u00e9e comme professeure d\u2019espagnol langue \u00e9trang\u00e8re (ELE) et examinatrice DELE (Dipl\u00f4me d\u2019Espagnol Langue \u00c9trang\u00e8re) avec l\u2019Institut Cervantes.<\/p>\n\n\n\n<p>En 2019, j\u2019ai eu ma premi\u00e8re exp\u00e9rience d\u2019enseignement de l\u2019espagnol \u00e0 des adultes francophones gr\u00e2ce \u00e0 un stage de plusieurs mois \u00e0 l\u2019Universit\u00e9 Paul Sabatier de Toulouse. Apr\u00e8s ce stage, et avec l\u2019arriv\u00e9e de la pand\u00e9mie, j\u2019ai d\u00e9cid\u00e9 de commencer \u00e0 donner des cours en ligne.<\/p>\n\n\n\n<p>Enfin, en 2021, je me suis inscrite en tant qu&#8217;auto-entrepreneuse en France et j\u2019ai commenc\u00e9 \u00e0 me consacrer \u00e0 plein temps \u00e0 l\u2019enseignement de l\u2019espagnol en ligne<\/p>\n\n\n\n<p class=\"has-text-align-center\"><\/p>\n\n\n\n<br>\n\n\n\n<p><\/p>\n\n\n\n<figure class=\"wp-block-gallery has-nested-images columns-default is-cropped wp-block-gallery-1 is-layout-flex wp-block-gallery-is-layout-flex\">\n<figure class=\"wp-block-image size-large is-style-rounded\"><img decoding=\"async\" width=\"1080\" height=\"798\" data-id=\"172\" src=\"https:\/\/albaprofele.com\/wp-content\/uploads\/2023\/05\/338922652_2892373700912204_1366322373707398234_n.jpg\" alt=\"\" class=\"wp-image-172\"\/><\/figure>\n<\/figure>\n\n\n\n<figure class=\"wp-block-gallery has-nested-images columns-default is-cropped wp-block-gallery-2 is-layout-flex wp-block-gallery-is-layout-flex\"><\/figure>\n\n\n\n<p><\/p>\n","protected":false},"excerpt":{"rendered":"<p>\u00a1Hola! Soy Alba. Je suis professeure d\u2019espagnol native, certifi\u00e9e et exp\u00e9riment\u00e9e, ainsi qu\u2019examinatrice DELE (Dipl\u00f4me d\u2019Espagnol Langue \u00c9trang\u00e8re). J\u2019enseigne l\u2019espagnol aux francophones depuis 2019. Je suis n\u00e9e \u00e0 Huelva, une &hellip; <\/p>\n","protected":false},"author":1,"featured_media":0,"parent":0,"menu_order":0,"comment_status":"closed","ping_status":"closed","template":"","meta":{"_monsterinsights_skip_tracking":false,"_monsterinsights_sitenote_active":false,"_monsterinsights_sitenote_note":"","_monsterinsights_sitenote_category":0,"footnotes":""},"class_list":["post-47","page","type-page","status-publish","hentry"],"_links":{"self":[{"href":"https:\/\/albaprofele.com\/index.php?rest_route=\/wp\/v2\/pages\/47","targetHints":{"allow":["GET"]}}],"collection":[{"href":"https:\/\/albaprofele.com\/index.php?rest_route=\/wp\/v2\/pages"}],"about":[{"href":"https:\/\/albaprofele.com\/index.php?rest_route=\/wp\/v2\/types\/page"}],"author":[{"embeddable":true,"href":"https:\/\/albaprofele.com\/index.php?rest_route=\/wp\/v2\/users\/1"}],"replies":[{"embeddable":true,"href":"https:\/\/albaprofele.com\/index.php?rest_route=%2Fwp%2Fv2%2Fcomments&post=47"}],"version-history":[{"count":25,"href":"https:\/\/albaprofele.com\/index.php?rest_route=\/wp\/v2\/pages\/47\/revisions"}],"predecessor-version":[{"id":715,"href":"https:\/\/albaprofele.com\/index.php?rest_route=\/wp\/v2\/pages\/47\/revisions\/715"}],"wp:attachment":[{"href":"https:\/\/albaprofele.com\/index.php?rest_route=%2Fwp%2Fv2%2Fmedia&parent=47"}],"curies":[{"name":"wp","href":"https:\/\/api.w.org\/{rel}","templated":true}]}}