{"id":555,"date":"2024-11-25T13:47:34","date_gmt":"2024-11-25T12:47:34","guid":{"rendered":"https:\/\/albaprofele.com\/?page_id=555"},"modified":"2026-02-28T11:56:11","modified_gmt":"2026-02-28T10:56:11","slug":"translation-and-interpreting-services","status":"publish","type":"page","link":"https:\/\/albaprofele.com\/?page_id=555","title":{"rendered":"Services de traduction et d\u2019interpr\u00e9tation (fran\u00e7ais\u2013espagnol)"},"content":{"rendered":"<div class=\"wp-block-image\">\n<figure class=\"aligncenter size-full\"><img fetchpriority=\"high\" decoding=\"async\" width=\"640\" height=\"402\" src=\"https:\/\/albaprofele.com\/wp-content\/uploads\/2024\/11\/240056745_1.jpg\" alt=\"\" class=\"wp-image-556\" srcset=\"https:\/\/albaprofele.com\/wp-content\/uploads\/2024\/11\/240056745_1.jpg 640w, https:\/\/albaprofele.com\/wp-content\/uploads\/2024\/11\/240056745_1-300x188.jpg 300w, https:\/\/albaprofele.com\/wp-content\/uploads\/2024\/11\/240056745_1-96x60.jpg 96w\" sizes=\"(max-width: 640px) 100vw, 640px\" \/><\/figure>\n<\/div>\n\n\n<p><\/p>\n\n\n\n<p>Vous recherchez une <strong>traductrice fran\u00e7ais\u2013espagnol fiable et professionnelle<\/strong> ? Titulaire d\u2019un Master en traduction et interpr\u00e9tation, je propose des <strong>services de traduction professionnelle du fran\u00e7ais et de l\u2019anglais vers l\u2019espagnol<\/strong>, ma langue maternelle.<\/p>\n\n\n\n<p>Je r\u00e9alise des traductions pr\u00e9cises, naturelles et adapt\u00e9es au contexte culturel, afin de garantir une communication claire et efficace pour vos documents professionnels ou personnels. Mes services s\u2019adressent aux particuliers, aux entreprises et aux professionnels ayant besoin d\u2019une <strong>traduction de qualit\u00e9 en espagnol<\/strong>.<\/p>\n\n\n\n<h3 class=\"wp-block-heading\">Domaines de sp\u00e9cialisation<\/h3>\n\n\n\n<p>\ud83d\udcdc <strong>Traduction juridique<\/strong><br>Contrats, documents juridiques, conditions g\u00e9n\u00e9rales, documents administratifs.<\/p>\n\n\n\n<p>\ud83d\udcb0 <strong>Traduction financi\u00e8re<\/strong><br>Rapports financiers, documents d\u2019investissement, analyses de march\u00e9, contenus comptables.<\/p>\n\n\n\n<p>\ud83e\ude7a <strong>Traduction m\u00e9dicale<\/strong><br>Dossiers m\u00e9dicaux, essais cliniques, documents d\u2019assurance sant\u00e9, recherches m\u00e9dicales.<\/p>\n\n\n\n<p>\u2699\ufe0f <strong>Traduction technique<\/strong><br>Manuels d\u2019utilisation, sp\u00e9cifications techniques, documents d\u2019ing\u00e9nierie, fiches produits.<\/p>\n\n\n\n<p><\/p>\n\n\n\n<h3 class=\"wp-block-heading\">Pourquoi choisir mes services ?<\/h3>\n\n\n\n<ul class=\"wp-block-list\">\n<li>Espagnol langue maternelle<\/li>\n\n\n\n<li>Traductrice sp\u00e9cialis\u00e9e fran\u00e7ais\u2013espagnol et anglais\u2013espagnol<\/li>\n\n\n\n<li>Qualit\u00e9, pr\u00e9cision et adaptation culturelle<\/li>\n\n\n\n<li>Confidentialit\u00e9 et respect des d\u00e9lais<\/li>\n\n\n\n<li>Devis personnalis\u00e9 et r\u00e9ponse rapide<\/li>\n<\/ul>\n\n\n\n<h3 class=\"wp-block-heading\">Demande de devis<\/h3>\n\n\n\n<p>Vous avez besoin d\u2019une <strong>traduction fran\u00e7ais\u2013espagnol<\/strong> ?<br>Contactez-moi d\u00e8s maintenant pour obtenir un devis gratuit et sans engagement. \ud83e\udd1d<\/p>\n","protected":false},"excerpt":{"rendered":"<p>Vous recherchez une traductrice fran\u00e7ais\u2013espagnol fiable et professionnelle ? Titulaire d\u2019un Master en traduction et interpr\u00e9tation, je propose des services de traduction professionnelle du fran\u00e7ais et de l\u2019anglais vers l\u2019espagnol, &hellip; <\/p>\n","protected":false},"author":1,"featured_media":0,"parent":0,"menu_order":0,"comment_status":"closed","ping_status":"closed","template":"","meta":{"_monsterinsights_skip_tracking":false,"_monsterinsights_sitenote_active":false,"_monsterinsights_sitenote_note":"","_monsterinsights_sitenote_category":0,"footnotes":""},"class_list":["post-555","page","type-page","status-publish","hentry"],"_links":{"self":[{"href":"https:\/\/albaprofele.com\/index.php?rest_route=\/wp\/v2\/pages\/555","targetHints":{"allow":["GET"]}}],"collection":[{"href":"https:\/\/albaprofele.com\/index.php?rest_route=\/wp\/v2\/pages"}],"about":[{"href":"https:\/\/albaprofele.com\/index.php?rest_route=\/wp\/v2\/types\/page"}],"author":[{"embeddable":true,"href":"https:\/\/albaprofele.com\/index.php?rest_route=\/wp\/v2\/users\/1"}],"replies":[{"embeddable":true,"href":"https:\/\/albaprofele.com\/index.php?rest_route=%2Fwp%2Fv2%2Fcomments&post=555"}],"version-history":[{"count":5,"href":"https:\/\/albaprofele.com\/index.php?rest_route=\/wp\/v2\/pages\/555\/revisions"}],"predecessor-version":[{"id":855,"href":"https:\/\/albaprofele.com\/index.php?rest_route=\/wp\/v2\/pages\/555\/revisions\/855"}],"wp:attachment":[{"href":"https:\/\/albaprofele.com\/index.php?rest_route=%2Fwp%2Fv2%2Fmedia&parent=555"}],"curies":[{"name":"wp","href":"https:\/\/api.w.org\/{rel}","templated":true}]}}