{"id":560,"date":"2024-11-30T12:42:59","date_gmt":"2024-11-30T11:42:59","guid":{"rendered":"https:\/\/albaprofele.com\/?page_id=560"},"modified":"2026-03-04T19:17:37","modified_gmt":"2026-03-04T18:17:37","slug":"financement-cpf-mon-compte-formation","status":"publish","type":"page","link":"https:\/\/albaprofele.com\/?page_id=560","title":{"rendered":"[NEW] Utilise ton CPF &#8211; Mon Compte Formation avec moi !"},"content":{"rendered":"\n<p><strong>Finance ton apprentissage <\/strong><strong>avec le CPF !<\/strong><\/p>\n\n\n\n<p>Bonne nouvelle : mes formations sont d\u00e9sormais \u00e9ligibles au Compte Personnel de Formation (CPF) !<\/p>\n\n\n\n<p><\/p>\n\n\n\n<figure class=\"wp-block-image size-full\" style=\"max-width: 400px; margin: auto;\">\n  <img decoding=\"async\" src=\"https:\/\/albaprofele.com\/wp-content\/uploads\/2024\/11\/Logo-Mon-Compte-Formation-Appli-CPF.jpg\" alt=\"\" class=\"wp-image-561\" style=\"width: 100%; height: auto;\"\/>\n<\/figure>\n\n\n\n<h3 class=\"wp-block-heading\">Qu\u2019est-ce que le CPF ?<\/h3>\n\n\n\n<p>Le CPF (compte personnel de formation) est un dispositif mis en place par l\u2019\u00c9tat pour permettre \u00e0 chacun, salari\u00e9 ou demandeur d\u2019emploi, de se former tout au long de sa vie professionnelle. Chaque ann\u00e9e, votre CPF est aliment\u00e9 de 500\u20ac \u00e0 800\u20ac pour vous offrir des opportunit\u00e9s de d\u00e9velopper vos comp\u00e9tences sans impacter directement votre budget.<\/p>\n\n\n\n<p>Vous trouverez plus d&#8217;infos sur le dispositif sur le site officiel : <a href=\"https:\/\/www.moncompteformation.gouv.fr\/\">https:\/\/www.moncompteformation.gouv.fr\/<\/a><\/p>\n\n\n\n<p><\/p>\n\n\n\n<h3 class=\"wp-block-heading\">Comment j&#8217;en profite ?<\/h3>\n\n\n\n<p>Pour en profiter avec mes formations, envoie moi simplement un message en mentionnant que tu souhaites utiliser votre CPF et je t&#8217;expliquerai en d\u00e9tail la marche \u00e0 suivre !<\/p>\n\n\n\n<h3 class=\"wp-block-heading\"><\/h3>\n\n\n\n<p><\/p>\n\n\n\n<p><\/p>\n\n\n\n<div class=\"wp-block-buttons is-horizontal is-content-justification-center is-layout-flex wp-container-core-buttons-is-layout-499968f5 wp-block-buttons-is-layout-flex\">\n<div class=\"wp-block-button\"><a class=\"wp-block-button__link has-white-color has-text-color wp-element-button\" href=\"http:\/\/albaprofele.com\/?page_id=124\">CONTACTE-MOI<\/a><\/div>\n<\/div>\n\n\n\n<p><\/p>\n","protected":false},"excerpt":{"rendered":"<p>Finance ton apprentissage avec le CPF ! Bonne nouvelle : mes formations sont d\u00e9sormais \u00e9ligibles au Compte Personnel de Formation (CPF) ! Qu\u2019est-ce que le CPF ? Le CPF (compte &hellip; <\/p>\n","protected":false},"author":1,"featured_media":0,"parent":0,"menu_order":0,"comment_status":"closed","ping_status":"closed","template":"","meta":{"_monsterinsights_skip_tracking":false,"_monsterinsights_sitenote_active":false,"_monsterinsights_sitenote_note":"","_monsterinsights_sitenote_category":0,"footnotes":""},"class_list":["post-560","page","type-page","status-publish","hentry"],"_links":{"self":[{"href":"https:\/\/albaprofele.com\/index.php?rest_route=\/wp\/v2\/pages\/560","targetHints":{"allow":["GET"]}}],"collection":[{"href":"https:\/\/albaprofele.com\/index.php?rest_route=\/wp\/v2\/pages"}],"about":[{"href":"https:\/\/albaprofele.com\/index.php?rest_route=\/wp\/v2\/types\/page"}],"author":[{"embeddable":true,"href":"https:\/\/albaprofele.com\/index.php?rest_route=\/wp\/v2\/users\/1"}],"replies":[{"embeddable":true,"href":"https:\/\/albaprofele.com\/index.php?rest_route=%2Fwp%2Fv2%2Fcomments&post=560"}],"version-history":[{"count":13,"href":"https:\/\/albaprofele.com\/index.php?rest_route=\/wp\/v2\/pages\/560\/revisions"}],"predecessor-version":[{"id":857,"href":"https:\/\/albaprofele.com\/index.php?rest_route=\/wp\/v2\/pages\/560\/revisions\/857"}],"wp:attachment":[{"href":"https:\/\/albaprofele.com\/index.php?rest_route=%2Fwp%2Fv2%2Fmedia&parent=560"}],"curies":[{"name":"wp","href":"https:\/\/api.w.org\/{rel}","templated":true}]}}